{"id":2555,"date":"2022-06-20T14:13:47","date_gmt":"2022-06-20T14:13:47","guid":{"rendered":"https:\/\/zaememache.ch\/wp\/?page_id=2555"},"modified":"2022-06-20T14:13:48","modified_gmt":"2022-06-20T14:13:48","slug":"impressum","status":"publish","type":"page","link":"https:\/\/zaememache.ch\/de_de\/impressum\/","title":{"rendered":"Impressum"},"content":{"rendered":"<h3 class=\"wp-block-heading\">Inhaber und Copyright<\/h3>\n\n\n\n<p>Samuel Signer<br>Ergeten 2730&nbsp;<br>9112 Schachen b. Herisau<\/p>\n\n\n\n<h3 class=\"wp-block-heading\">Haftungsauschluss<\/h3>\n\n\n\n<p>Alle Texte und Links wurden sorgf\u00e4ltig gepr\u00fcft und werden laufend aktualisiert. Wir sind bem\u00fcht, richtige und vollst\u00e4ndige Informationen auf dieser Website bereitzustellen, \u00fcbernehmen aber keinerlei Verantwortung, Garantien oder Haftung daf\u00fcr, dass die durch diese Website bereitgestellten Informationen, richtig, vollst\u00e4ndig oder aktuell sind. Wir behalten uns das Recht vor, jederzeit und ohne Vorank\u00fcndigung die Informationen auf dieser Website zu \u00e4ndern und verpflichten uns auch nicht, die enthaltenen Informationen zu aktualisieren. Alle Links zu externen Anbietern wurden zum Zeitpunkt ihrer Aufnahme auf ihre Richtigkeit \u00fcberpr\u00fcft, dennoch haften wir nicht f\u00fcr Inhalte und Verf\u00fcgbarkeit von Websites, die mittels Hyperlinks zu erreichen sind. F\u00fcr illegale, fehlerhafte oder unvollst\u00e4ndige Inhalte und insbesondere f\u00fcr Sch\u00e4den, die durch Inhalte verkn\u00fcpfter Seiten entstehen, haftet allein der Anbieter der Seite, auf welche verwiesen wurde. Dabei ist es gleichg\u00fcltig, ob der Schaden direkter, indirekter oder finanzieller Natur ist oder ein sonstiger Schaden vorliegt, der sich aus Datenverlust, Nutzungsausfall oder anderen Gr\u00fcnden aller Art ergeben k\u00f6nnte.<\/p>","protected":false},"excerpt":{"rendered":"<p>Inhaber und Copyright Samuel SignerErgeten 2730&nbsp;9112 Schachen b. Herisau Haftungsauschluss Alle Texte und Links wurden sorgf\u00e4ltig gepr\u00fcft und werden laufend aktualisiert. Wir sind bem\u00fcht, richtige und vollst\u00e4ndige Informationen auf dieser Website bereitzustellen, \u00fcbernehmen aber keinerlei Verantwortung, Garantien oder Haftung daf\u00fcr, dass die durch diese Website bereitgestellten Informationen, richtig, vollst\u00e4ndig oder aktuell sind. Wir behalten uns [&hellip;]<\/p>","protected":false},"author":1,"featured_media":0,"parent":0,"menu_order":0,"comment_status":"closed","ping_status":"closed","template":"","meta":{"inline_featured_image":false,"footnotes":""},"yoast_head":"<!-- This site is optimized with the Yoast SEO plugin v19.13 - https:\/\/yoast.com\/wordpress\/plugins\/seo\/ -->\n<title>Impressum - Z\u00e4memache<\/title>\n<meta name=\"robots\" content=\"index, follow, max-snippet:-1, max-image-preview:large, max-video-preview:-1\" \/>\n<link rel=\"canonical\" href=\"https:\/\/zaememache.ch\/de_de\/impressum\/\" \/>\n<meta property=\"og:locale\" content=\"de_DE\" \/>\n<meta property=\"og:type\" content=\"article\" \/>\n<meta property=\"og:title\" content=\"Impressum - Z\u00e4memache\" \/>\n<meta property=\"og:description\" content=\"Inhaber und Copyright Samuel SignerErgeten 2730&nbsp;9112 Schachen b. Herisau Haftungsauschluss Alle Texte und Links wurden sorgf\u00e4ltig gepr\u00fcft und werden laufend aktualisiert. Wir sind bem\u00fcht, richtige und vollst\u00e4ndige Informationen auf dieser Website bereitzustellen, \u00fcbernehmen aber keinerlei Verantwortung, Garantien oder Haftung daf\u00fcr, dass die durch diese Website bereitgestellten Informationen, richtig, vollst\u00e4ndig oder aktuell sind. Wir behalten uns [&hellip;]\" \/>\n<meta property=\"og:url\" content=\"https:\/\/zaememache.ch\/de_de\/impressum\/\" \/>\n<meta property=\"og:site_name\" content=\"Z\u00e4memache\" \/>\n<meta property=\"article:modified_time\" content=\"2022-06-20T14:13:48+00:00\" \/>\n<meta name=\"twitter:card\" content=\"summary_large_image\" \/>\n<meta name=\"twitter:label1\" content=\"Gesch\u00e4tzte Lesezeit\" \/>\n\t<meta name=\"twitter:data1\" content=\"1 Minute\" \/>\n<script type=\"application\/ld+json\" class=\"yoast-schema-graph\">{\"@context\":\"https:\/\/schema.org\",\"@graph\":[{\"@type\":\"WebPage\",\"@id\":\"https:\/\/zaememache.ch\/impressum\/\",\"url\":\"https:\/\/zaememache.ch\/impressum\/\",\"name\":\"Impressum - Z\u00e4memache\",\"isPartOf\":{\"@id\":\"https:\/\/zaememache.ch\/#website\"},\"datePublished\":\"2022-06-20T14:13:47+00:00\",\"dateModified\":\"2022-06-20T14:13:48+00:00\",\"breadcrumb\":{\"@id\":\"https:\/\/zaememache.ch\/impressum\/#breadcrumb\"},\"inLanguage\":\"de-DE\",\"potentialAction\":[{\"@type\":\"ReadAction\",\"target\":[\"https:\/\/zaememache.ch\/impressum\/\"]}]},{\"@type\":\"BreadcrumbList\",\"@id\":\"https:\/\/zaememache.ch\/impressum\/#breadcrumb\",\"itemListElement\":[{\"@type\":\"ListItem\",\"position\":1,\"name\":\"Startseite\",\"item\":\"https:\/\/zaememache.ch\/\"},{\"@type\":\"ListItem\",\"position\":2,\"name\":\"Impressum\"}]},{\"@type\":\"WebSite\",\"@id\":\"https:\/\/zaememache.ch\/#website\",\"url\":\"https:\/\/zaememache.ch\/\",\"name\":\"z\u00e4memache\",\"description\":\"\",\"publisher\":{\"@id\":\"https:\/\/zaememache.ch\/#organization\"},\"potentialAction\":[{\"@type\":\"SearchAction\",\"target\":{\"@type\":\"EntryPoint\",\"urlTemplate\":\"https:\/\/zaememache.ch\/?s={search_term_string}\"},\"query-input\":\"required name=search_term_string\"}],\"inLanguage\":\"de-DE\"},{\"@type\":\"Organization\",\"@id\":\"https:\/\/zaememache.ch\/#organization\",\"name\":\"z\u00e4memache\",\"url\":\"https:\/\/zaememache.ch\/\",\"logo\":{\"@type\":\"ImageObject\",\"inLanguage\":\"de-DE\",\"@id\":\"https:\/\/zaememache.ch\/#\/schema\/logo\/image\/\",\"url\":\"https:\/\/zaememache.ch\/wp-content\/uploads\/2020\/03\/cropped-icon.png\",\"contentUrl\":\"https:\/\/zaememache.ch\/wp-content\/uploads\/2020\/03\/cropped-icon.png\",\"width\":512,\"height\":512,\"caption\":\"z\u00e4memache\"},\"image\":{\"@id\":\"https:\/\/zaememache.ch\/#\/schema\/logo\/image\/\"}}]}<\/script>\n<!-- \/ Yoast SEO plugin. -->","yoast_head_json":{"title":"Impressum - Z\u00e4memache","robots":{"index":"index","follow":"follow","max-snippet":"max-snippet:-1","max-image-preview":"max-image-preview:large","max-video-preview":"max-video-preview:-1"},"canonical":"https:\/\/zaememache.ch\/de_de\/impressum\/","og_locale":"de_DE","og_type":"article","og_title":"Impressum - Z\u00e4memache","og_description":"Inhaber und Copyright Samuel SignerErgeten 2730&nbsp;9112 Schachen b. Herisau Haftungsauschluss Alle Texte und Links wurden sorgf\u00e4ltig gepr\u00fcft und werden laufend aktualisiert. Wir sind bem\u00fcht, richtige und vollst\u00e4ndige Informationen auf dieser Website bereitzustellen, \u00fcbernehmen aber keinerlei Verantwortung, Garantien oder Haftung daf\u00fcr, dass die durch diese Website bereitgestellten Informationen, richtig, vollst\u00e4ndig oder aktuell sind. Wir behalten uns [&hellip;]","og_url":"https:\/\/zaememache.ch\/de_de\/impressum\/","og_site_name":"Z\u00e4memache","article_modified_time":"2022-06-20T14:13:48+00:00","twitter_card":"summary_large_image","twitter_misc":{"Gesch\u00e4tzte Lesezeit":"1 Minute"},"schema":{"@context":"https:\/\/schema.org","@graph":[{"@type":"WebPage","@id":"https:\/\/zaememache.ch\/impressum\/","url":"https:\/\/zaememache.ch\/impressum\/","name":"Impressum - Z\u00e4memache","isPartOf":{"@id":"https:\/\/zaememache.ch\/#website"},"datePublished":"2022-06-20T14:13:47+00:00","dateModified":"2022-06-20T14:13:48+00:00","breadcrumb":{"@id":"https:\/\/zaememache.ch\/impressum\/#breadcrumb"},"inLanguage":"de-DE","potentialAction":[{"@type":"ReadAction","target":["https:\/\/zaememache.ch\/impressum\/"]}]},{"@type":"BreadcrumbList","@id":"https:\/\/zaememache.ch\/impressum\/#breadcrumb","itemListElement":[{"@type":"ListItem","position":1,"name":"Startseite","item":"https:\/\/zaememache.ch\/"},{"@type":"ListItem","position":2,"name":"Impressum"}]},{"@type":"WebSite","@id":"https:\/\/zaememache.ch\/#website","url":"https:\/\/zaememache.ch\/","name":"z\u00e4memache","description":"","publisher":{"@id":"https:\/\/zaememache.ch\/#organization"},"potentialAction":[{"@type":"SearchAction","target":{"@type":"EntryPoint","urlTemplate":"https:\/\/zaememache.ch\/?s={search_term_string}"},"query-input":"required name=search_term_string"}],"inLanguage":"de-DE"},{"@type":"Organization","@id":"https:\/\/zaememache.ch\/#organization","name":"z\u00e4memache","url":"https:\/\/zaememache.ch\/","logo":{"@type":"ImageObject","inLanguage":"de-DE","@id":"https:\/\/zaememache.ch\/#\/schema\/logo\/image\/","url":"https:\/\/zaememache.ch\/wp-content\/uploads\/2020\/03\/cropped-icon.png","contentUrl":"https:\/\/zaememache.ch\/wp-content\/uploads\/2020\/03\/cropped-icon.png","width":512,"height":512,"caption":"z\u00e4memache"},"image":{"@id":"https:\/\/zaememache.ch\/#\/schema\/logo\/image\/"}}]}},"_links":{"self":[{"href":"https:\/\/zaememache.ch\/de_de\/wp-json\/wp\/v2\/pages\/2555"}],"collection":[{"href":"https:\/\/zaememache.ch\/de_de\/wp-json\/wp\/v2\/pages"}],"about":[{"href":"https:\/\/zaememache.ch\/de_de\/wp-json\/wp\/v2\/types\/page"}],"author":[{"embeddable":true,"href":"https:\/\/zaememache.ch\/de_de\/wp-json\/wp\/v2\/users\/1"}],"replies":[{"embeddable":true,"href":"https:\/\/zaememache.ch\/de_de\/wp-json\/wp\/v2\/comments?post=2555"}],"version-history":[{"count":1,"href":"https:\/\/zaememache.ch\/de_de\/wp-json\/wp\/v2\/pages\/2555\/revisions"}],"predecessor-version":[{"id":2556,"href":"https:\/\/zaememache.ch\/de_de\/wp-json\/wp\/v2\/pages\/2555\/revisions\/2556"}],"wp:attachment":[{"href":"https:\/\/zaememache.ch\/de_de\/wp-json\/wp\/v2\/media?parent=2555"}],"curies":[{"name":"wp","href":"https:\/\/api.w.org\/{rel}","templated":true}]}}