{"id":2637,"date":"2022-07-08T11:52:38","date_gmt":"2022-07-08T11:52:38","guid":{"rendered":"https:\/\/zaememache.ch\/?page_id=2637"},"modified":"2022-07-08T11:53:06","modified_gmt":"2022-07-08T11:53:06","slug":"kurs-anmeldung","status":"publish","type":"page","link":"https:\/\/zaememache.ch\/de_de\/kurs-anmeldung\/","title":{"rendered":"K\u00fcrs Ameldig"},"content":{"rendered":"<div data-elementor-type=\"wp-page\" data-elementor-id=\"2637\" class=\"elementor elementor-2637\">\n\t\t\t\t\t\t\t\t\t<section class=\"elementor-section elementor-top-section elementor-element elementor-element-caa82c7 elementor-section-stretched elementor-section-boxed elementor-section-height-default elementor-section-height-default\" data-id=\"caa82c7\" data-element_type=\"section\" data-settings=\"{&quot;stretch_section&quot;:&quot;section-stretched&quot;}\">\n\t\t\t\t\t\t<div class=\"elementor-container elementor-column-gap-no\">\n\t\t\t\t\t<div class=\"elementor-column elementor-col-100 elementor-top-column elementor-element elementor-element-195d47c\" data-id=\"195d47c\" data-element_type=\"column\">\n\t\t\t<div class=\"elementor-widget-wrap elementor-element-populated\">\n\t\t\t\t\t\t\t\t<div class=\"elementor-element elementor-element-622406d elementor-widget elementor-widget-winwood-contactform\" data-id=\"622406d\" data-element_type=\"widget\" data-widget_type=\"winwood-contactform.default\">\n\t\t\t\t<div class=\"elementor-widget-container\">\n\t\t\t\n<div class=\"wpcf7 no-js\" id=\"wpcf7-f2635-o1\" lang=\"en-US\" dir=\"ltr\">\n<div class=\"screen-reader-response\"><p role=\"status\" aria-live=\"polite\" aria-atomic=\"true\"><\/p> <ul><\/ul><\/div>\n<form action=\"\/de_de\/wp-json\/wp\/v2\/pages\/2637#wpcf7-f2635-o1\" method=\"post\" class=\"wpcf7-form init\" aria-label=\"Contact form\" novalidate=\"novalidate\" data-status=\"init\" data-trp-original-action=\"\/de_de\/wp-json\/wp\/v2\/pages\/2637#wpcf7-f2635-o1\">\n<div style=\"display: none;\">\n<input type=\"hidden\" name=\"_wpcf7\" value=\"2635\" \/>\n<input type=\"hidden\" name=\"_wpcf7_version\" value=\"5.8.1\" \/>\n<input type=\"hidden\" name=\"_wpcf7_locale\" value=\"en_US\" \/>\n<input type=\"hidden\" name=\"_wpcf7_unit_tag\" value=\"wpcf7-f2635-o1\" \/>\n<input type=\"hidden\" name=\"_wpcf7_container_post\" value=\"0\" \/>\n<input type=\"hidden\" name=\"_wpcf7_posted_data_hash\" value=\"\" \/>\n<\/div>\n<div class=\"row\">\n\t<div class=\"column-12 column-tablet-6\">\n\t\t<p><label> dein Name*<\/label><span class=\"wpcf7-form-control-wrap\" data-name=\"your-name\"><input size=\"40\" class=\"wpcf7-form-control wpcf7-text wpcf7-validates-as-required\" aria-required=\"true\" aria-invalid=\"false\" placeholder=\"Max Muster\" value=\"\" type=\"text\" name=\"your-name\" \/><\/span><br \/>\n<label> deine Telefonnummer* <\/label><span class=\"wpcf7-form-control-wrap\" data-name=\"your-tel\"><input size=\"40\" class=\"wpcf7-form-control wpcf7-tel wpcf7-validates-as-required wpcf7-text wpcf7-validates-as-tel\" aria-required=\"true\" aria-invalid=\"false\" placeholder=\"071 ... .. ..\" value=\"\" type=\"tel\" name=\"your-tel\" \/><\/span><br \/>\n<label> welcher Kurs <\/label><span class=\"wpcf7-form-control-wrap\" data-name=\"menu-415\"><select class=\"wpcf7-form-control wpcf7-select wpcf7-validates-as-required\" aria-required=\"true\" aria-invalid=\"false\" name=\"menu-415\"><option value=\"s\u2019Gheimnis vo d\u00e4 Salotsauce, 28. September 2022\">s\u2019Gheimnis vo d\u00e4 Salotsauce, 28. September 2022<\/option><option value=\"s\u2019Gheimnis vo d\u00e4 Salotsauce, 25. Oktober 2022\">s\u2019Gheimnis vo d\u00e4 Salotsauce, 25. Oktober 2022<\/option><option value=\"Grillworkshop, Datum noch offen\">Grillworkshop, Datum noch offen<\/option><\/select><\/span><br \/>\n<label> Anzahl Personen <\/label><span class=\"wpcf7-form-control-wrap\" data-name=\"menu-410\"><select class=\"wpcf7-form-control wpcf7-select wpcf7-validates-as-required\" aria-required=\"true\" aria-invalid=\"false\" name=\"menu-410\"><option value=\"1\">1<\/option><option value=\"2\">2<\/option><option value=\"3\">3<\/option><option value=\"4\">4<\/option><option value=\"5\">5<\/option><option value=\"6\">6<\/option><option value=\"7\">7<\/option><option value=\"8\">8<\/option><\/select><\/span>\n\t\t<\/p>\n\t<\/div>\n\t<div class=\"column-12 column-tablet-6\">\n\t\t<p><label> deine E-Mailadresse* <\/label><span class=\"wpcf7-form-control-wrap\" data-name=\"your-email\"><input size=\"40\" class=\"wpcf7-form-control wpcf7-email wpcf7-validates-as-required wpcf7-text wpcf7-validates-as-email\" aria-required=\"true\" aria-invalid=\"false\" placeholder=\"@\" value=\"\" type=\"email\" name=\"your-email\" \/><\/span><br \/>\n<label> deine Nachricht<\/label><span class=\"wpcf7-form-control-wrap\" data-name=\"your-message\"><textarea cols=\"40\" rows=\"3\" class=\"wpcf7-form-control wpcf7-textarea\" aria-invalid=\"false\" placeholder=\"Text zum reinschreiben\" name=\"your-message\"><\/textarea><\/span>\n\t\t<\/p>\n\t<\/div>\n<\/div>\n<p><input class=\"wpcf7-form-control wpcf7-submit has-spinner\" type=\"submit\" value=\"Senden\" \/>\n<\/p><div class=\"wpcf7-response-output\" aria-hidden=\"true\"><\/div>\n<input type=\"hidden\" name=\"trp-form-language\" value=\"de_de\"\/><\/form>\n<\/div>\n\t\t<\/div>\n\t\t\t\t<\/div>\n\t\t\t\t\t<\/div>\n\t\t<\/div>\n\t\t\t\t\t\t\t<\/div>\n\t\t<\/section>\n\t\t\t\t\t\t\t<\/div>","protected":false},"excerpt":{"rendered":"<p>Din Nam\u00e4* Dini Telfonnummere* Dini E-Mailadr\u00e4sse* Welle Kurs* Azahl Persone Dini Nochricht<\/p>","protected":false},"author":1,"featured_media":0,"parent":0,"menu_order":0,"comment_status":"closed","ping_status":"closed","template":"elementor_header_footer","meta":{"inline_featured_image":false,"footnotes":""},"yoast_head":"<!-- This site is optimized with the Yoast SEO plugin v19.13 - https:\/\/yoast.com\/wordpress\/plugins\/seo\/ -->\n<title>K\u00fcrs Ameldig - Z\u00e4memache<\/title>\n<meta name=\"robots\" content=\"index, follow, max-snippet:-1, max-image-preview:large, max-video-preview:-1\" \/>\n<link rel=\"canonical\" href=\"https:\/\/zaememache.ch\/de_de\/kurs-anmeldung\/\" \/>\n<meta property=\"og:locale\" content=\"de_DE\" \/>\n<meta property=\"og:type\" content=\"article\" \/>\n<meta property=\"og:title\" content=\"K\u00fcrs Ameldig - Z\u00e4memache\" \/>\n<meta property=\"og:description\" content=\"Din Nam\u00e4* Dini Telfonnummere* Dini E-Mailadr\u00e4sse* Welle Kurs* Azahl Persone Dini Nochricht\" \/>\n<meta property=\"og:url\" content=\"https:\/\/zaememache.ch\/de_de\/kurs-anmeldung\/\" \/>\n<meta property=\"og:site_name\" content=\"Z\u00e4memache\" \/>\n<meta property=\"article:modified_time\" content=\"2022-07-08T11:53:06+00:00\" \/>\n<meta name=\"twitter:card\" content=\"summary_large_image\" \/>\n<script type=\"application\/ld+json\" class=\"yoast-schema-graph\">{\"@context\":\"https:\/\/schema.org\",\"@graph\":[{\"@type\":\"WebPage\",\"@id\":\"https:\/\/zaememache.ch\/kurs-anmeldung\/\",\"url\":\"https:\/\/zaememache.ch\/kurs-anmeldung\/\",\"name\":\"K\u00fcrs Ameldig - Z\u00e4memache\",\"isPartOf\":{\"@id\":\"https:\/\/zaememache.ch\/#website\"},\"datePublished\":\"2022-07-08T11:52:38+00:00\",\"dateModified\":\"2022-07-08T11:53:06+00:00\",\"breadcrumb\":{\"@id\":\"https:\/\/zaememache.ch\/kurs-anmeldung\/#breadcrumb\"},\"inLanguage\":\"de-DE\",\"potentialAction\":[{\"@type\":\"ReadAction\",\"target\":[\"https:\/\/zaememache.ch\/kurs-anmeldung\/\"]}]},{\"@type\":\"BreadcrumbList\",\"@id\":\"https:\/\/zaememache.ch\/kurs-anmeldung\/#breadcrumb\",\"itemListElement\":[{\"@type\":\"ListItem\",\"position\":1,\"name\":\"Startseite\",\"item\":\"https:\/\/zaememache.ch\/\"},{\"@type\":\"ListItem\",\"position\":2,\"name\":\"K\u00fcrs Ameldig\"}]},{\"@type\":\"WebSite\",\"@id\":\"https:\/\/zaememache.ch\/#website\",\"url\":\"https:\/\/zaememache.ch\/\",\"name\":\"z\u00e4memache\",\"description\":\"\",\"publisher\":{\"@id\":\"https:\/\/zaememache.ch\/#organization\"},\"potentialAction\":[{\"@type\":\"SearchAction\",\"target\":{\"@type\":\"EntryPoint\",\"urlTemplate\":\"https:\/\/zaememache.ch\/?s={search_term_string}\"},\"query-input\":\"required name=search_term_string\"}],\"inLanguage\":\"de-DE\"},{\"@type\":\"Organization\",\"@id\":\"https:\/\/zaememache.ch\/#organization\",\"name\":\"z\u00e4memache\",\"url\":\"https:\/\/zaememache.ch\/\",\"logo\":{\"@type\":\"ImageObject\",\"inLanguage\":\"de-DE\",\"@id\":\"https:\/\/zaememache.ch\/#\/schema\/logo\/image\/\",\"url\":\"https:\/\/zaememache.ch\/wp-content\/uploads\/2020\/03\/cropped-icon.png\",\"contentUrl\":\"https:\/\/zaememache.ch\/wp-content\/uploads\/2020\/03\/cropped-icon.png\",\"width\":512,\"height\":512,\"caption\":\"z\u00e4memache\"},\"image\":{\"@id\":\"https:\/\/zaememache.ch\/#\/schema\/logo\/image\/\"}}]}<\/script>\n<!-- \/ Yoast SEO plugin. -->","yoast_head_json":{"title":"K\u00fcrs Ameldig - Z\u00e4memache","robots":{"index":"index","follow":"follow","max-snippet":"max-snippet:-1","max-image-preview":"max-image-preview:large","max-video-preview":"max-video-preview:-1"},"canonical":"https:\/\/zaememache.ch\/de_de\/kurs-anmeldung\/","og_locale":"de_DE","og_type":"article","og_title":"K\u00fcrs Ameldig - Z\u00e4memache","og_description":"Din Nam\u00e4* Dini Telfonnummere* Dini E-Mailadr\u00e4sse* Welle Kurs* Azahl Persone Dini Nochricht","og_url":"https:\/\/zaememache.ch\/de_de\/kurs-anmeldung\/","og_site_name":"Z\u00e4memache","article_modified_time":"2022-07-08T11:53:06+00:00","twitter_card":"summary_large_image","schema":{"@context":"https:\/\/schema.org","@graph":[{"@type":"WebPage","@id":"https:\/\/zaememache.ch\/kurs-anmeldung\/","url":"https:\/\/zaememache.ch\/kurs-anmeldung\/","name":"K\u00fcrs Ameldig - Z\u00e4memache","isPartOf":{"@id":"https:\/\/zaememache.ch\/#website"},"datePublished":"2022-07-08T11:52:38+00:00","dateModified":"2022-07-08T11:53:06+00:00","breadcrumb":{"@id":"https:\/\/zaememache.ch\/kurs-anmeldung\/#breadcrumb"},"inLanguage":"de-DE","potentialAction":[{"@type":"ReadAction","target":["https:\/\/zaememache.ch\/kurs-anmeldung\/"]}]},{"@type":"BreadcrumbList","@id":"https:\/\/zaememache.ch\/kurs-anmeldung\/#breadcrumb","itemListElement":[{"@type":"ListItem","position":1,"name":"Startseite","item":"https:\/\/zaememache.ch\/"},{"@type":"ListItem","position":2,"name":"K\u00fcrs Ameldig"}]},{"@type":"WebSite","@id":"https:\/\/zaememache.ch\/#website","url":"https:\/\/zaememache.ch\/","name":"z\u00e4memache","description":"","publisher":{"@id":"https:\/\/zaememache.ch\/#organization"},"potentialAction":[{"@type":"SearchAction","target":{"@type":"EntryPoint","urlTemplate":"https:\/\/zaememache.ch\/?s={search_term_string}"},"query-input":"required name=search_term_string"}],"inLanguage":"de-DE"},{"@type":"Organization","@id":"https:\/\/zaememache.ch\/#organization","name":"z\u00e4memache","url":"https:\/\/zaememache.ch\/","logo":{"@type":"ImageObject","inLanguage":"de-DE","@id":"https:\/\/zaememache.ch\/#\/schema\/logo\/image\/","url":"https:\/\/zaememache.ch\/wp-content\/uploads\/2020\/03\/cropped-icon.png","contentUrl":"https:\/\/zaememache.ch\/wp-content\/uploads\/2020\/03\/cropped-icon.png","width":512,"height":512,"caption":"z\u00e4memache"},"image":{"@id":"https:\/\/zaememache.ch\/#\/schema\/logo\/image\/"}}]}},"_links":{"self":[{"href":"https:\/\/zaememache.ch\/de_de\/wp-json\/wp\/v2\/pages\/2637"}],"collection":[{"href":"https:\/\/zaememache.ch\/de_de\/wp-json\/wp\/v2\/pages"}],"about":[{"href":"https:\/\/zaememache.ch\/de_de\/wp-json\/wp\/v2\/types\/page"}],"author":[{"embeddable":true,"href":"https:\/\/zaememache.ch\/de_de\/wp-json\/wp\/v2\/users\/1"}],"replies":[{"embeddable":true,"href":"https:\/\/zaememache.ch\/de_de\/wp-json\/wp\/v2\/comments?post=2637"}],"version-history":[{"count":5,"href":"https:\/\/zaememache.ch\/de_de\/wp-json\/wp\/v2\/pages\/2637\/revisions"}],"predecessor-version":[{"id":2944,"href":"https:\/\/zaememache.ch\/de_de\/wp-json\/wp\/v2\/pages\/2637\/revisions\/2944"}],"wp:attachment":[{"href":"https:\/\/zaememache.ch\/de_de\/wp-json\/wp\/v2\/media?parent=2637"}],"curies":[{"name":"wp","href":"https:\/\/api.w.org\/{rel}","templated":true}]}}