{"id":384,"date":"2020-03-06T07:15:00","date_gmt":"2020-03-06T07:15:00","guid":{"rendered":"http:\/\/source.wpopal.com\/winwood\/?page_id=384"},"modified":"2023-03-25T10:46:20","modified_gmt":"2023-03-25T10:46:20","slug":"about-me","status":"publish","type":"page","link":"https:\/\/zaememache.ch\/de_de\/about-me\/","title":{"rendered":"\u00fcber mich"},"content":{"rendered":"<div data-elementor-type=\"wp-page\" data-elementor-id=\"384\" class=\"elementor elementor-384\">\n\t\t\t\t\t\t\t\t\t<section class=\"elementor-section elementor-top-section elementor-element elementor-element-b91bf6b elementor-section-stretched elementor-section-content-middle elementor-reverse-tablet elementor-reverse-mobile elementor-section-boxed elementor-section-height-default elementor-section-height-default\" data-id=\"b91bf6b\" data-element_type=\"section\" data-settings=\"{&quot;stretch_section&quot;:&quot;section-stretched&quot;,&quot;background_background&quot;:&quot;classic&quot;}\">\n\t\t\t\t\t\t<div class=\"elementor-container elementor-column-gap-no\">\n\t\t\t\t\t<div class=\"elementor-column elementor-col-50 elementor-top-column elementor-element elementor-element-11471c1\" data-id=\"11471c1\" data-element_type=\"column\">\n\t\t\t<div class=\"elementor-widget-wrap elementor-element-populated\">\n\t\t\t\t\t\t\t\t<div class=\"elementor-element elementor-element-cb8f356 elementor-widget elementor-widget-heading\" data-id=\"cb8f356\" data-element_type=\"widget\" data-widget_type=\"heading.default\">\n\t\t\t\t<div class=\"elementor-widget-container\">\n\t\t\t<style>\/*! elementor - v3.16.0 - 20-09-2023 *\/\n.elementor-heading-title{padding:0;margin:0;line-height:1}.elementor-widget-heading .elementor-heading-title[class*=elementor-size-]>a{color:inherit;font-size:inherit;line-height:inherit}.elementor-widget-heading .elementor-heading-title.elementor-size-small{font-size:15px}.elementor-widget-heading .elementor-heading-title.elementor-size-medium{font-size:19px}.elementor-widget-heading .elementor-heading-title.elementor-size-large{font-size:29px}.elementor-widget-heading .elementor-heading-title.elementor-size-xl{font-size:39px}.elementor-widget-heading .elementor-heading-title.elementor-size-xxl{font-size:59px}<\/style><h2 class=\"elementor-heading-title elementor-size-default\">darf ich vorstellen: S\u00e4mi\n<\/h2>\t\t<\/div>\n\t\t\t\t<\/div>\n\t\t\t\t<div class=\"elementor-element elementor-element-d476861 elementor-widget elementor-widget-text-editor\" data-id=\"d476861\" data-element_type=\"widget\" data-widget_type=\"text-editor.default\">\n\t\t\t\t<div class=\"elementor-widget-container\">\n\t\t\t<style>\/*! elementor - v3.16.0 - 20-09-2023 *\/\n.elementor-widget-text-editor.elementor-drop-cap-view-stacked .elementor-drop-cap{background-color:#69727d;color:#fff}.elementor-widget-text-editor.elementor-drop-cap-view-framed .elementor-drop-cap{color:#69727d;border:3px solid;background-color:transparent}.elementor-widget-text-editor:not(.elementor-drop-cap-view-default) .elementor-drop-cap{margin-top:8px}.elementor-widget-text-editor:not(.elementor-drop-cap-view-default) .elementor-drop-cap-letter{width:1em;height:1em}.elementor-widget-text-editor .elementor-drop-cap{float:left;text-align:center;line-height:1;font-size:50px}.elementor-widget-text-editor .elementor-drop-cap-letter{display:inline-block}<\/style>\t\t\t\t<p>Berufliche Stationen auf meinem Weg<\/p><ul><li style=\"text-align: left;\">Zimmermann (Blumer AG und Walter Kaufmann AG)<\/li><li style=\"text-align: left;\">Instruktor der Artillerie \u2013 mit Spezialgebiet Logistik (Bi\u00e8re und Frauenfeld)<\/li><li style=\"text-align: left;\">Zivilschutzkommandant- und Instruktor (Appenzell Ausserrhoden)<\/li><li style=\"text-align: left;\">Leiter Zivilschutz, Ausbildungschef, Leiter Care Team (Appenzell Ausserrhoden)<\/li><\/ul><p>Ein paar pers\u00f6nliche Informationen<\/p><ul><li style=\"text-align: left;\">Jahrgang: 1974<\/li><li style=\"text-align: left;\">Lieblingsessen: Ch\u00e4schn\u00f6pfli mit Zw\u00e4tschgemuess<\/li><li style=\"text-align: left;\">Lieblingsschulfach: Kochen und Werken<\/li><li style=\"text-align: left;\">Was ich nicht gerne mache: das Bett frisch beziehen<\/li><\/ul><p>meine Ausbildungen<\/p><ul><li style=\"text-align: left;\">Lehre als Zimmermann EFZ<\/li><li style=\"text-align: left;\">Berufsunteroffiziersschule der Armee BUSA<\/li><li style=\"text-align: left;\">Eidg. dipl. Zivilschutzinstruktor<\/li><li style=\"text-align: left;\">Kurs Einsatzleiter Grossereignis SFWV<\/li><li style=\"text-align: left;\">Ausbilder mit eidg. Fachausweis (SVEB 2)<\/li><li style=\"text-align: left;\">dipl. Betriebswirtschafter NDS HF<\/li><li style=\"text-align: left;\">Permakultur Designkurs<\/li><\/ul><p>Was aus mir geworden ist<\/p><p style=\"text-align: left;\"><i style=\"font-weight: var( --e-global-typography-text-font-weight );\"><span style=\"color: #833c0b; mso-themecolor: accent2; mso-themeshade: 128;\">Vom Handwerker zum Vorgesetzten durfte ich verschiedene Stationen durchlaufen und erleben. Schon in der Armee war mir besonders wichtig, den Menschen ins Zentrum zu setzen und jeden mit Respekt zu behandeln. Mitarbeiter sind das kostbarste Gut. Im Gegensatz zu Maschinen, Material oder auch Prozessen, k\u00f6nnen sie nicht einfach ersetzt oder ausgetauscht werden. Mitarbeitende gibt es nicht im Lagerregal und nicht auf Bestellung - darum trage Sorge zu ihnen.<\/span><\/i><\/p><p style=\"text-align: left;\"><i><span style=\"color: #833c0b; mso-themecolor: accent2; mso-themeshade: 128;\">Als Handwerker hat mir Theorie alleine nie gereicht und ich wollte das Erlernte, immer in der Praxis ausprobieren. Bevor ich nicht begriff, wie ein Getriebe funktioniert, wollte ich es auch niemandem erkl\u00e4ren. Dies ist beim Thema \"F\u00fchren von Menschen\" leider nicht ganz so einfach, weil es weder Modelle noch Simulationen und auch keine Pl\u00e4ne daf\u00fcr gibt.<\/span><\/i><\/p><p style=\"text-align: left;\"><i><span style=\"color: #833c0b; mso-themecolor: accent2; mso-themeshade: 128;\">Ich begegne Menschen auf Augenh\u00f6he, um die gesetzten Ziele mit Erfahrung, Emotionen und Freude zu erreichen.<\/span><\/i><\/p>\t\t\t\t\t\t<\/div>\n\t\t\t\t<\/div>\n\t\t\t\t\t<\/div>\n\t\t<\/div>\n\t\t\t\t<div class=\"elementor-column elementor-col-50 elementor-top-column elementor-element elementor-element-97eb67e\" data-id=\"97eb67e\" data-element_type=\"column\" data-settings=\"{&quot;background_background&quot;:&quot;classic&quot;}\">\n\t\t\t<div class=\"elementor-widget-wrap elementor-element-populated\">\n\t\t\t\t\t\t\t\t<div class=\"elementor-element elementor-element-d8d9416 elementor-invisible elementor-widget elementor-widget-image\" data-id=\"d8d9416\" data-element_type=\"widget\" data-settings=\"{&quot;_animation&quot;:&quot;fadeIn&quot;}\" data-widget_type=\"image.default\">\n\t\t\t\t<div class=\"elementor-widget-container\">\n\t\t\t<style>\/*! elementor - v3.16.0 - 20-09-2023 *\/\n.elementor-widget-image{text-align:center}.elementor-widget-image a{display:inline-block}.elementor-widget-image a img[src$=\".svg\"]{width:48px}.elementor-widget-image img{vertical-align:middle;display:inline-block}<\/style>\t\t\t\t\t\t\t\t\t\t\t\t<img decoding=\"async\" loading=\"lazy\" width=\"500\" height=\"330\" src=\"https:\/\/zaememache.ch\/wp-content\/uploads\/2022\/07\/Zeichnung-Saemi-500x330.png\" class=\"attachment-winwood-post-grid size-winwood-post-grid wp-image-2607\" alt=\"\" \/>\t\t\t\t\t\t\t\t\t\t\t\t\t\t\t<\/div>\n\t\t\t\t<\/div>\n\t\t\t\t\t<\/div>\n\t\t<\/div>\n\t\t\t\t\t\t\t<\/div>\n\t\t<\/section>\n\t\t\t\t<section class=\"elementor-section elementor-top-section elementor-element elementor-element-7e58b9ce elementor-section-stretched elementor-section-boxed elementor-section-height-default elementor-section-height-default\" data-id=\"7e58b9ce\" data-element_type=\"section\" data-settings=\"{&quot;stretch_section&quot;:&quot;section-stretched&quot;,&quot;background_background&quot;:&quot;classic&quot;}\">\n\t\t\t\t\t\t<div class=\"elementor-container elementor-column-gap-no\">\n\t\t\t\t\t<div class=\"elementor-column elementor-col-100 elementor-top-column elementor-element elementor-element-29d90e6e img-mask elementor-invisible\" data-id=\"29d90e6e\" data-element_type=\"column\" data-settings=\"{&quot;background_background&quot;:&quot;classic&quot;,&quot;animation&quot;:&quot;fadeIn&quot;}\">\n\t\t\t<div class=\"elementor-widget-wrap elementor-element-populated\">\n\t\t\t\t\t<div class=\"elementor-background-overlay\"><\/div>\n\t\t\t\t\t\t\t\t<div class=\"elementor-element elementor-element-52dcb306 elementor-widget elementor-widget-heading\" data-id=\"52dcb306\" data-element_type=\"widget\" data-widget_type=\"heading.default\">\n\t\t\t\t<div class=\"elementor-widget-container\">\n\t\t\t<h2 class=\"elementor-heading-title elementor-size-default\">\u201eWir alle haben zwei Leben. Das Zweite beginnt, wenn du erkennst, dass du nur eines hast.\u201c\n<\/h2>\t\t<\/div>\n\t\t\t\t<\/div>\n\t\t\t\t<div class=\"elementor-element elementor-element-61a6f707 elementor-widget elementor-widget-heading\" data-id=\"61a6f707\" data-element_type=\"widget\" data-widget_type=\"heading.default\">\n\t\t\t\t<div class=\"elementor-widget-container\">\n\t\t\t<h5 class=\"elementor-heading-title elementor-size-default\">Tom Hiddleston\n<\/h5>\t\t<\/div>\n\t\t\t\t<\/div>\n\t\t\t\t\t<\/div>\n\t\t<\/div>\n\t\t\t\t\t\t\t<\/div>\n\t\t<\/section>\n\t\t\t\t<section class=\"elementor-section elementor-top-section elementor-element elementor-element-3b04486 elementor-section-stretched elementor-hidden-mobile elementor-section-boxed elementor-section-height-default elementor-section-height-default\" data-id=\"3b04486\" data-element_type=\"section\" data-settings=\"{&quot;stretch_section&quot;:&quot;section-stretched&quot;,&quot;background_background&quot;:&quot;classic&quot;}\">\n\t\t\t\t\t\t\t<div class=\"elementor-background-overlay\"><\/div>\n\t\t\t\t\t\t\t<div class=\"elementor-container elementor-column-gap-no\">\n\t\t\t\t\t<div class=\"elementor-column elementor-col-25 elementor-top-column elementor-element elementor-element-dc86bd6\" data-id=\"dc86bd6\" data-element_type=\"column\">\n\t\t\t<div class=\"elementor-widget-wrap elementor-element-populated\">\n\t\t\t\t\t\t\t\t<div class=\"elementor-element elementor-element-28b8b59 elementor-widget elementor-widget-counter\" data-id=\"28b8b59\" data-element_type=\"widget\" data-widget_type=\"counter.default\">\n\t\t\t\t<div class=\"elementor-widget-container\">\n\t\t\t<style>\/*! elementor - v3.16.0 - 20-09-2023 *\/\n.elementor-counter .elementor-counter-number-wrapper{display:flex;font-size:69px;font-weight:600;line-height:1}.elementor-counter .elementor-counter-number-prefix,.elementor-counter .elementor-counter-number-suffix{flex-grow:1;white-space:pre-wrap}.elementor-counter .elementor-counter-number-prefix{text-align:right}.elementor-counter .elementor-counter-number-suffix{text-align:left}.elementor-counter .elementor-counter-title{text-align:center;font-size:19px;font-weight:400;line-height:2.5}<\/style>\t\t<div class=\"elementor-counter\">\n\t\t\t<div class=\"elementor-counter-number-wrapper\">\n\t\t\t\t<span class=\"elementor-counter-number-prefix\"><\/span>\n\t\t\t\t<span class=\"elementor-counter-number\" data-duration=\"2000\" data-to-value=\"16\" data-from-value=\"0\" data-delimiter=\",\">0<\/span>\n\t\t\t\t<span class=\"elementor-counter-number-suffix\"> B\u00e4ume<\/span>\n\t\t\t<\/div>\n\t\t\t\t\t\t\t<div class=\"elementor-counter-title\">gepflanzt<\/div>\n\t\t\t\t\t<\/div>\n\t\t\t\t<\/div>\n\t\t\t\t<\/div>\n\t\t\t\t\t<\/div>\n\t\t<\/div>\n\t\t\t\t<div class=\"elementor-column elementor-col-25 elementor-top-column elementor-element elementor-element-821cace\" data-id=\"821cace\" data-element_type=\"column\">\n\t\t\t<div class=\"elementor-widget-wrap elementor-element-populated\">\n\t\t\t\t\t\t\t\t<div class=\"elementor-element elementor-element-c059f4d elementor-widget elementor-widget-counter\" data-id=\"c059f4d\" data-element_type=\"widget\" data-widget_type=\"counter.default\">\n\t\t\t\t<div class=\"elementor-widget-container\">\n\t\t\t\t\t<div class=\"elementor-counter\">\n\t\t\t<div class=\"elementor-counter-number-wrapper\">\n\t\t\t\t<span class=\"elementor-counter-number-prefix\"><\/span>\n\t\t\t\t<span class=\"elementor-counter-number\" data-duration=\"2000\" data-to-value=\"2\" data-from-value=\"0\" data-delimiter=\",\">0<\/span>\n\t\t\t\t<span class=\"elementor-counter-number-suffix\"> G\u00e4rten<\/span>\n\t\t\t<\/div>\n\t\t\t\t\t\t\t<div class=\"elementor-counter-title\">gezeichnet<\/div>\n\t\t\t\t\t<\/div>\n\t\t\t\t<\/div>\n\t\t\t\t<\/div>\n\t\t\t\t\t<\/div>\n\t\t<\/div>\n\t\t\t\t<div class=\"elementor-column elementor-col-25 elementor-top-column elementor-element elementor-element-93726ba\" data-id=\"93726ba\" data-element_type=\"column\">\n\t\t\t<div class=\"elementor-widget-wrap elementor-element-populated\">\n\t\t\t\t\t\t\t\t<div class=\"elementor-element elementor-element-7619604 elementor-widget elementor-widget-counter\" data-id=\"7619604\" data-element_type=\"widget\" data-widget_type=\"counter.default\">\n\t\t\t\t<div class=\"elementor-widget-container\">\n\t\t\t\t\t<div class=\"elementor-counter\">\n\t\t\t<div class=\"elementor-counter-number-wrapper\">\n\t\t\t\t<span class=\"elementor-counter-number-prefix\"><\/span>\n\t\t\t\t<span class=\"elementor-counter-number\" data-duration=\"2000\" data-to-value=\"23\" data-from-value=\"0\" data-delimiter=\",\">0<\/span>\n\t\t\t\t<span class=\"elementor-counter-number-suffix\"> Katzen<\/span>\n\t\t\t<\/div>\n\t\t\t\t\t\t\t<div class=\"elementor-counter-title\">gerettet<\/div>\n\t\t\t\t\t<\/div>\n\t\t\t\t<\/div>\n\t\t\t\t<\/div>\n\t\t\t\t\t<\/div>\n\t\t<\/div>\n\t\t\t\t<div class=\"elementor-column elementor-col-25 elementor-top-column elementor-element elementor-element-453d014\" data-id=\"453d014\" data-element_type=\"column\">\n\t\t\t<div class=\"elementor-widget-wrap elementor-element-populated\">\n\t\t\t\t\t\t\t\t<div class=\"elementor-element elementor-element-128dd44 elementor-widget elementor-widget-counter\" data-id=\"128dd44\" data-element_type=\"widget\" data-widget_type=\"counter.default\">\n\t\t\t\t<div class=\"elementor-widget-container\">\n\t\t\t\t\t<div class=\"elementor-counter\">\n\t\t\t<div class=\"elementor-counter-number-wrapper\">\n\t\t\t\t<span class=\"elementor-counter-number-prefix\"><\/span>\n\t\t\t\t<span class=\"elementor-counter-number\" data-duration=\"2000\" data-to-value=\"475\" data-from-value=\"0\" data-delimiter=\",\">0<\/span>\n\t\t\t\t<span class=\"elementor-counter-number-suffix\"> etwas<\/span>\n\t\t\t<\/div>\n\t\t\t\t\t\t\t<div class=\"elementor-counter-title\">anderes gemacht<\/div>\n\t\t\t\t\t<\/div>\n\t\t\t\t<\/div>\n\t\t\t\t<\/div>\n\t\t\t\t\t<\/div>\n\t\t<\/div>\n\t\t\t\t\t\t\t<\/div>\n\t\t<\/section>\n\t\t\n                <script type=\"text\/javascript\">\n                    (function ($) {\n                        \"use strict\";\n                        var granularParallaxElementorFront = {\n                            init: function () {\n                                elementorFrontend.hooks.addAction('frontend\/element_ready\/global', granularParallaxElementorFront.initWidget);\n                            },\n                            initWidget: function ($scope) {\n                                $('.elementor-element-3b04486').jarallax({\n                                    type: 'scroll',\n                                    speed: 1.2,\n                                    keepImg: true,\n                                    imgSize: 'cover',\n                                    imgPosition: '50% 0%',\n                                    noAndroid: false,\n                                    noIos: false                                });\n                            }\n                        };\n                        $(window).on('elementor\/frontend\/init', granularParallaxElementorFront.init);\n                    }(jQuery));\n                <\/script>\n\n            \t\t<section class=\"elementor-section elementor-top-section elementor-element elementor-element-ced5d1c elementor-section-boxed elementor-section-height-default elementor-section-height-default\" data-id=\"ced5d1c\" data-element_type=\"section\">\n\t\t\t\t\t\t<div class=\"elementor-container elementor-column-gap-default\">\n\t\t\t\t\t<div class=\"elementor-column elementor-col-100 elementor-top-column elementor-element elementor-element-080c372\" data-id=\"080c372\" data-element_type=\"column\">\n\t\t\t<div class=\"elementor-widget-wrap\">\n\t\t\t\t\t\t\t\t\t<\/div>\n\t\t<\/div>\n\t\t\t\t\t\t\t<\/div>\n\t\t<\/section>\n\t\t\t\t\t\t\t<\/div>","protected":false},"excerpt":{"rendered":"<p>d\u00f6rf i vorstelle: S\u00e4mi Brueflichi Statione uf mim W\u00e4g Zimmermann (Blumer AG und Walter Kaufmann AG) Instruktor der Artillerie \u2013 mit Spezialgebiet uf Logistik (Bi\u00e8re und Frauenfeld) Zivilschutzkommandant- und Instruktor (Appenzell Ausserrhoden) Leiter Zivilschutz, Usbildigschef, Leiter Care Team (Appenzell Ausserrhoden) \u00c4 paar pers\u00f6nlichi Sache \u00f6ber mi Johrgang: 1974 Lieblingsesse: Ch\u00e4schn\u00f6pfli mit Zw\u00e4tschgemuess Lieblingsschuelfach: Choche ond [&hellip;]<\/p>","protected":false},"author":1,"featured_media":0,"parent":0,"menu_order":0,"comment_status":"closed","ping_status":"closed","template":"","meta":{"inline_featured_image":false,"footnotes":""},"yoast_head":"<!-- This site is optimized with the Yoast SEO plugin v19.13 - https:\/\/yoast.com\/wordpress\/plugins\/seo\/ -->\n<title>\u00d6ber mi - Z\u00e4memache<\/title>\n<meta name=\"robots\" content=\"index, follow, max-snippet:-1, max-image-preview:large, max-video-preview:-1\" \/>\n<link rel=\"canonical\" href=\"https:\/\/zaememache.ch\/de_de\/about-me\/\" \/>\n<meta property=\"og:locale\" content=\"de_DE\" \/>\n<meta property=\"og:type\" content=\"article\" \/>\n<meta property=\"og:title\" content=\"\u00d6ber mi - Z\u00e4memache\" \/>\n<meta property=\"og:description\" content=\"d\u00f6rf i vorstelle: S\u00e4mi Brueflichi Statione uf mim W\u00e4g Zimmermann (Blumer AG und Walter Kaufmann AG) Instruktor der Artillerie \u2013 mit Spezialgebiet uf Logistik (Bi\u00e8re und Frauenfeld) Zivilschutzkommandant- und Instruktor (Appenzell Ausserrhoden) Leiter Zivilschutz, Usbildigschef, Leiter Care Team (Appenzell Ausserrhoden) \u00c4 paar pers\u00f6nlichi Sache \u00f6ber mi Johrgang: 1974 Lieblingsesse: Ch\u00e4schn\u00f6pfli mit Zw\u00e4tschgemuess Lieblingsschuelfach: Choche ond [&hellip;]\" \/>\n<meta property=\"og:url\" content=\"https:\/\/zaememache.ch\/de_de\/about-me\/\" \/>\n<meta property=\"og:site_name\" content=\"Z\u00e4memache\" \/>\n<meta property=\"article:modified_time\" content=\"2023-03-25T10:46:20+00:00\" \/>\n<meta property=\"og:image\" content=\"https:\/\/zaememache.ch\/wp-content\/uploads\/2022\/07\/Zeichnung-Saemi-500x330.png\" \/>\n<meta name=\"twitter:card\" content=\"summary_large_image\" \/>\n<meta name=\"twitter:label1\" content=\"Gesch\u00e4tzte Lesezeit\" \/>\n\t<meta name=\"twitter:data1\" content=\"2 Minuten\" \/>\n<script type=\"application\/ld+json\" class=\"yoast-schema-graph\">{\"@context\":\"https:\/\/schema.org\",\"@graph\":[{\"@type\":\"WebPage\",\"@id\":\"https:\/\/zaememache.ch\/about-me\/\",\"url\":\"https:\/\/zaememache.ch\/about-me\/\",\"name\":\"\u00d6ber mi - Z\u00e4memache\",\"isPartOf\":{\"@id\":\"https:\/\/zaememache.ch\/#website\"},\"datePublished\":\"2020-03-06T07:15:00+00:00\",\"dateModified\":\"2023-03-25T10:46:20+00:00\",\"breadcrumb\":{\"@id\":\"https:\/\/zaememache.ch\/about-me\/#breadcrumb\"},\"inLanguage\":\"de-DE\",\"potentialAction\":[{\"@type\":\"ReadAction\",\"target\":[\"https:\/\/zaememache.ch\/about-me\/\"]}]},{\"@type\":\"BreadcrumbList\",\"@id\":\"https:\/\/zaememache.ch\/about-me\/#breadcrumb\",\"itemListElement\":[{\"@type\":\"ListItem\",\"position\":1,\"name\":\"Startseite\",\"item\":\"https:\/\/zaememache.ch\/\"},{\"@type\":\"ListItem\",\"position\":2,\"name\":\"\u00d6ber mi\"}]},{\"@type\":\"WebSite\",\"@id\":\"https:\/\/zaememache.ch\/#website\",\"url\":\"https:\/\/zaememache.ch\/\",\"name\":\"z\u00e4memache\",\"description\":\"\",\"publisher\":{\"@id\":\"https:\/\/zaememache.ch\/#organization\"},\"potentialAction\":[{\"@type\":\"SearchAction\",\"target\":{\"@type\":\"EntryPoint\",\"urlTemplate\":\"https:\/\/zaememache.ch\/?s={search_term_string}\"},\"query-input\":\"required name=search_term_string\"}],\"inLanguage\":\"de-DE\"},{\"@type\":\"Organization\",\"@id\":\"https:\/\/zaememache.ch\/#organization\",\"name\":\"z\u00e4memache\",\"url\":\"https:\/\/zaememache.ch\/\",\"logo\":{\"@type\":\"ImageObject\",\"inLanguage\":\"de-DE\",\"@id\":\"https:\/\/zaememache.ch\/#\/schema\/logo\/image\/\",\"url\":\"https:\/\/zaememache.ch\/wp-content\/uploads\/2020\/03\/cropped-icon.png\",\"contentUrl\":\"https:\/\/zaememache.ch\/wp-content\/uploads\/2020\/03\/cropped-icon.png\",\"width\":512,\"height\":512,\"caption\":\"z\u00e4memache\"},\"image\":{\"@id\":\"https:\/\/zaememache.ch\/#\/schema\/logo\/image\/\"}}]}<\/script>\n<!-- \/ Yoast SEO plugin. -->","yoast_head_json":{"title":"\u00d6ber mi - Z\u00e4memache","robots":{"index":"index","follow":"follow","max-snippet":"max-snippet:-1","max-image-preview":"max-image-preview:large","max-video-preview":"max-video-preview:-1"},"canonical":"https:\/\/zaememache.ch\/de_de\/about-me\/","og_locale":"de_DE","og_type":"article","og_title":"\u00d6ber mi - Z\u00e4memache","og_description":"d\u00f6rf i vorstelle: S\u00e4mi Brueflichi Statione uf mim W\u00e4g Zimmermann (Blumer AG und Walter Kaufmann AG) Instruktor der Artillerie \u2013 mit Spezialgebiet uf Logistik (Bi\u00e8re und Frauenfeld) Zivilschutzkommandant- und Instruktor (Appenzell Ausserrhoden) Leiter Zivilschutz, Usbildigschef, Leiter Care Team (Appenzell Ausserrhoden) \u00c4 paar pers\u00f6nlichi Sache \u00f6ber mi Johrgang: 1974 Lieblingsesse: Ch\u00e4schn\u00f6pfli mit Zw\u00e4tschgemuess Lieblingsschuelfach: Choche ond [&hellip;]","og_url":"https:\/\/zaememache.ch\/de_de\/about-me\/","og_site_name":"Z\u00e4memache","article_modified_time":"2023-03-25T10:46:20+00:00","og_image":[{"url":"https:\/\/zaememache.ch\/wp-content\/uploads\/2022\/07\/Zeichnung-Saemi-500x330.png"}],"twitter_card":"summary_large_image","twitter_misc":{"Gesch\u00e4tzte Lesezeit":"2 Minuten"},"schema":{"@context":"https:\/\/schema.org","@graph":[{"@type":"WebPage","@id":"https:\/\/zaememache.ch\/about-me\/","url":"https:\/\/zaememache.ch\/about-me\/","name":"\u00d6ber mi - Z\u00e4memache","isPartOf":{"@id":"https:\/\/zaememache.ch\/#website"},"datePublished":"2020-03-06T07:15:00+00:00","dateModified":"2023-03-25T10:46:20+00:00","breadcrumb":{"@id":"https:\/\/zaememache.ch\/about-me\/#breadcrumb"},"inLanguage":"de-DE","potentialAction":[{"@type":"ReadAction","target":["https:\/\/zaememache.ch\/about-me\/"]}]},{"@type":"BreadcrumbList","@id":"https:\/\/zaememache.ch\/about-me\/#breadcrumb","itemListElement":[{"@type":"ListItem","position":1,"name":"Startseite","item":"https:\/\/zaememache.ch\/"},{"@type":"ListItem","position":2,"name":"\u00d6ber mi"}]},{"@type":"WebSite","@id":"https:\/\/zaememache.ch\/#website","url":"https:\/\/zaememache.ch\/","name":"z\u00e4memache","description":"","publisher":{"@id":"https:\/\/zaememache.ch\/#organization"},"potentialAction":[{"@type":"SearchAction","target":{"@type":"EntryPoint","urlTemplate":"https:\/\/zaememache.ch\/?s={search_term_string}"},"query-input":"required name=search_term_string"}],"inLanguage":"de-DE"},{"@type":"Organization","@id":"https:\/\/zaememache.ch\/#organization","name":"z\u00e4memache","url":"https:\/\/zaememache.ch\/","logo":{"@type":"ImageObject","inLanguage":"de-DE","@id":"https:\/\/zaememache.ch\/#\/schema\/logo\/image\/","url":"https:\/\/zaememache.ch\/wp-content\/uploads\/2020\/03\/cropped-icon.png","contentUrl":"https:\/\/zaememache.ch\/wp-content\/uploads\/2020\/03\/cropped-icon.png","width":512,"height":512,"caption":"z\u00e4memache"},"image":{"@id":"https:\/\/zaememache.ch\/#\/schema\/logo\/image\/"}}]}},"_links":{"self":[{"href":"https:\/\/zaememache.ch\/de_de\/wp-json\/wp\/v2\/pages\/384"}],"collection":[{"href":"https:\/\/zaememache.ch\/de_de\/wp-json\/wp\/v2\/pages"}],"about":[{"href":"https:\/\/zaememache.ch\/de_de\/wp-json\/wp\/v2\/types\/page"}],"author":[{"embeddable":true,"href":"https:\/\/zaememache.ch\/de_de\/wp-json\/wp\/v2\/users\/1"}],"replies":[{"embeddable":true,"href":"https:\/\/zaememache.ch\/de_de\/wp-json\/wp\/v2\/comments?post=384"}],"version-history":[{"count":84,"href":"https:\/\/zaememache.ch\/de_de\/wp-json\/wp\/v2\/pages\/384\/revisions"}],"predecessor-version":[{"id":3033,"href":"https:\/\/zaememache.ch\/de_de\/wp-json\/wp\/v2\/pages\/384\/revisions\/3033"}],"wp:attachment":[{"href":"https:\/\/zaememache.ch\/de_de\/wp-json\/wp\/v2\/media?parent=384"}],"curies":[{"name":"wp","href":"https:\/\/api.w.org\/{rel}","templated":true}]}}