{"id":494,"date":"2020-03-09T06:26:51","date_gmt":"2020-03-09T06:26:51","guid":{"rendered":"http:\/\/source.wpopal.com\/winwood\/?page_id=494"},"modified":"2022-09-11T21:45:30","modified_gmt":"2022-09-11T21:45:30","slug":"kurse","status":"publish","type":"page","link":"https:\/\/zaememache.ch\/de_de\/kurse\/","title":{"rendered":"Kurse"},"content":{"rendered":"<div data-elementor-type=\"wp-page\" data-elementor-id=\"494\" class=\"elementor elementor-494\">\n\t\t\t\t\t\t\t\t\t<section class=\"elementor-section elementor-top-section elementor-element elementor-element-caa82c7 elementor-section-stretched elementor-section-boxed elementor-section-height-default elementor-section-height-default\" data-id=\"caa82c7\" data-element_type=\"section\" data-settings=\"{&quot;stretch_section&quot;:&quot;section-stretched&quot;}\">\n\t\t\t\t\t\t<div class=\"elementor-container elementor-column-gap-no\">\n\t\t\t\t\t<div class=\"elementor-column elementor-col-100 elementor-top-column elementor-element elementor-element-195d47c\" data-id=\"195d47c\" data-element_type=\"column\">\n\t\t\t<div class=\"elementor-widget-wrap elementor-element-populated\">\n\t\t\t\t\t\t\t\t<div class=\"elementor-element elementor-element-4f07fe5 elementor-widget elementor-widget-winwood-activities\" data-id=\"4f07fe5\" data-element_type=\"widget\" data-widget_type=\"winwood-activities.default\">\n\t\t\t\t<div class=\"elementor-widget-container\">\n\t\t\t        <div class=\"elementor-post-wrapper\">\n            <div class=\"row\" data-elementor-columns=\"4\" data-elementor-columns-tablet=\"2\" data-elementor-columns-mobile=\"1\">\n\n                <div class=\"column-item\"><div class=\"activities-inner\">\n\t<div class=\"activities-thumbnail\">\n\t\t<a href=\"https:\/\/zaememache.ch\/de_de\/acitivities\/rafting-2\/\">\n\t\t\t<img loading=\"lazy\" width=\"259\" height=\"194\" src=\"https:\/\/zaememache.ch\/wp-content\/uploads\/2022\/07\/Salat.jpg\" class=\"attachment-winwood-activities size-winwood-activities wp-post-image\" alt=\"\" decoding=\"async\" srcset=\"https:\/\/zaememache.ch\/wp-content\/uploads\/2022\/07\/Salat.jpg 259w, https:\/\/zaememache.ch\/wp-content\/uploads\/2022\/07\/Salat-16x12.jpg 16w\" sizes=\"(max-width: 259px) 100vw, 259px\" \/>\t\t\t<span class=\"overlay\"><\/span>\n\t\t<\/a>\n\t<\/div>\n\t<div class=\"activities-content\">\n\t\t<div class=\"content-inner\">\n\t\t\t<h3 class=\"title\"><a href=\"https:\/\/zaememache.ch\/de_de\/acitivities\/rafting-2\/\" rel=\"bookmark\">s&#8217;Gheimnis vo d\u00e4 Salotsauce,  2.11.2022<\/a><\/h3>\t\t\t<div class=\"entry-meta\">\n\t\t\t\t<div class=\"description\">\n\t\t\t\t\tJede Tag \u00e4 anderi Salotsauce macht sogar Salot spannend zon esse. Drum zeig i eu es paar Tricks wie \u00e4 Salotsauce cha vielf\u00e4lltig, ruckzuck ond ganz eifach gmacht werde. Im Pries inbegriffe isch au en chline Willkommensap\u00e9ro.\t\t\t\t<\/div>\n\t\t\t\t<div class=\"meta-bottom\">\n\t\t\t\t\t<ul>\n\t\t\t\t\t\t\t\t\t\t\t\t\t<li>\n\t\t\t\t\t\t\t\t<i class=\"winwood-icon-star\"><\/i><span>Anf\u00e4nger<\/span>\n\t\t\t\t\t\t\t<\/li>\n\t\t\t\t\t\t\t\t\t\t\t\t\t<li>\n\t\t\t\t\t\t\t\t<i class=\"winwood-icon-star\"><\/i><span>2 Stond<\/span>\n\t\t\t\t\t\t\t<\/li>\n\t\t\t\t\t\t\t\t\t\t\t\t\t<li>\n\t\t\t\t\t\t\t\t<i class=\"winwood-icon-star\"><\/i><span>6<\/span>\n\t\t\t\t\t\t\t<\/li>\n\t\t\t\t\t\t\t\t\t\t\t<\/ul>\n\t\t\t\t<\/div>\n\t\t\t<\/div>\n\t\t<\/div>\n\t<\/div>\n<\/div>\n\n<\/div><div class=\"column-item\"><div class=\"activities-inner\">\n\t<div class=\"activities-thumbnail\">\n\t\t<a href=\"https:\/\/zaememache.ch\/de_de\/acitivities\/rafting\/\">\n\t\t\t<img loading=\"lazy\" width=\"300\" height=\"420\" src=\"https:\/\/zaememache.ch\/wp-content\/uploads\/2022\/05\/1000_F_52951288_I35gjpTpjlMKR4V6P0bQZ7ABr8gMk9Qs-300x420.jpg\" class=\"attachment-winwood-activities size-winwood-activities wp-post-image\" alt=\"\" decoding=\"async\" \/>\t\t\t<span class=\"overlay\"><\/span>\n\t\t<\/a>\n\t<\/div>\n\t<div class=\"activities-content\">\n\t\t<div class=\"content-inner\">\n\t\t\t<h3 class=\"title\"><a href=\"https:\/\/zaememache.ch\/de_de\/acitivities\/rafting\/\" rel=\"bookmark\">Grillworkshop, Datum noch offen<\/a><\/h3>\t\t\t<div class=\"entry-meta\">\n\t\t\t\t<div class=\"description\">\n\t\t\t\t\tGrill-Workshop\t\t\t\t<\/div>\n\t\t\t\t<div class=\"meta-bottom\">\n\t\t\t\t\t<ul>\n\t\t\t\t\t\t\t\t\t\t\t\t\t<li>\n\t\t\t\t\t\t\t\t<i class=\"winwood-icon-star\"><\/i><span>Anf\u00e4nger<\/span>\n\t\t\t\t\t\t\t<\/li>\n\t\t\t\t\t\t\t\t\t\t\t\t\t<li>\n\t\t\t\t\t\t\t\t<i class=\"winwood-icon-clock\"><\/i><span>5 Stunden<\/span>\n\t\t\t\t\t\t\t<\/li>\n\t\t\t\t\t\t\t\t\t\t\t\t\t<li>\n\t\t\t\t\t\t\t\t<i class=\"winwood-icon-user\"><\/i><span>8<\/span>\n\t\t\t\t\t\t\t<\/li>\n\t\t\t\t\t\t\t\t\t\t\t<\/ul>\n\t\t\t\t<\/div>\n\t\t\t<\/div>\n\t\t<\/div>\n\t<\/div>\n<\/div>\n\n<\/div>            <\/div>\n        <\/div>\n        \t\t<\/div>\n\t\t\t\t<\/div>\n\t\t\t\t\t<\/div>\n\t\t<\/div>\n\t\t\t\t\t\t\t<\/div>\n\t\t<\/section>\n\t\t\t\t<section class=\"elementor-section elementor-top-section elementor-element elementor-element-85a8b52 elementor-section-boxed elementor-section-height-default elementor-section-height-default\" data-id=\"85a8b52\" data-element_type=\"section\">\n\t\t\t\t\t\t<div class=\"elementor-container elementor-column-gap-default\">\n\t\t\t\t\t<div class=\"elementor-column elementor-col-100 elementor-top-column elementor-element elementor-element-66dcdec\" data-id=\"66dcdec\" data-element_type=\"column\">\n\t\t\t<div class=\"elementor-widget-wrap elementor-element-populated\">\n\t\t\t\t\t\t\t\t<div class=\"elementor-element elementor-element-8ebd53b elementor-widget elementor-widget-heading\" data-id=\"8ebd53b\" data-element_type=\"widget\" data-widget_type=\"heading.default\">\n\t\t\t\t<div class=\"elementor-widget-container\">\n\t\t\t<style>\/*! elementor - v3.16.0 - 20-09-2023 *\/\n.elementor-heading-title{padding:0;margin:0;line-height:1}.elementor-widget-heading .elementor-heading-title[class*=elementor-size-]>a{color:inherit;font-size:inherit;line-height:inherit}.elementor-widget-heading .elementor-heading-title.elementor-size-small{font-size:15px}.elementor-widget-heading .elementor-heading-title.elementor-size-medium{font-size:19px}.elementor-widget-heading .elementor-heading-title.elementor-size-large{font-size:29px}.elementor-widget-heading .elementor-heading-title.elementor-size-xl{font-size:39px}.elementor-widget-heading .elementor-heading-title.elementor-size-xxl{font-size:59px}<\/style><h3 class=\"elementor-heading-title elementor-size-default\">Kursort<\/h3>\t\t<\/div>\n\t\t\t\t<\/div>\n\t\t\t\t<section class=\"elementor-section elementor-inner-section elementor-element elementor-element-24dda34 elementor-section-boxed elementor-section-height-default elementor-section-height-default\" data-id=\"24dda34\" data-element_type=\"section\">\n\t\t\t\t\t\t<div class=\"elementor-container elementor-column-gap-default\">\n\t\t\t\t\t<div class=\"elementor-column elementor-col-33 elementor-inner-column elementor-element elementor-element-708125e\" data-id=\"708125e\" data-element_type=\"column\">\n\t\t\t<div class=\"elementor-widget-wrap elementor-element-populated\">\n\t\t\t\t\t\t\t\t<div class=\"elementor-element elementor-element-a6c7022 elementor-widget elementor-widget-image\" data-id=\"a6c7022\" data-element_type=\"widget\" data-widget_type=\"image.default\">\n\t\t\t\t<div class=\"elementor-widget-container\">\n\t\t\t<style>\/*! elementor - v3.16.0 - 20-09-2023 *\/\n.elementor-widget-image{text-align:center}.elementor-widget-image a{display:inline-block}.elementor-widget-image a img[src$=\".svg\"]{width:48px}.elementor-widget-image img{vertical-align:middle;display:inline-block}<\/style>\t\t\t\t\t\t\t\t\t\t\t\t<img decoding=\"async\" loading=\"lazy\" width=\"410\" height=\"530\" src=\"https:\/\/zaememache.ch\/wp-content\/uploads\/2022\/09\/20220907_102956-410x530.jpg\" class=\"attachment-winwood-groups size-winwood-groups wp-image-2960\" alt=\"\" \/>\t\t\t\t\t\t\t\t\t\t\t\t\t\t\t<\/div>\n\t\t\t\t<\/div>\n\t\t\t\t\t<\/div>\n\t\t<\/div>\n\t\t\t\t<div class=\"elementor-column elementor-col-33 elementor-inner-column elementor-element elementor-element-3b34e9f\" data-id=\"3b34e9f\" data-element_type=\"column\">\n\t\t\t<div class=\"elementor-widget-wrap elementor-element-populated\">\n\t\t\t\t\t\t\t\t<div class=\"elementor-element elementor-element-8a86c0d elementor-widget elementor-widget-image\" data-id=\"8a86c0d\" data-element_type=\"widget\" data-widget_type=\"image.default\">\n\t\t\t\t<div class=\"elementor-widget-container\">\n\t\t\t\t\t\t\t\t\t\t\t\t\t\t\t<img decoding=\"async\" loading=\"lazy\" width=\"410\" height=\"530\" src=\"https:\/\/zaememache.ch\/wp-content\/uploads\/2022\/09\/20220907_102718-410x530.jpg\" class=\"attachment-winwood-groups size-winwood-groups wp-image-2959\" alt=\"\" \/>\t\t\t\t\t\t\t\t\t\t\t\t\t\t\t<\/div>\n\t\t\t\t<\/div>\n\t\t\t\t\t<\/div>\n\t\t<\/div>\n\t\t\t\t<div class=\"elementor-column elementor-col-33 elementor-inner-column elementor-element elementor-element-dd2a48d\" data-id=\"dd2a48d\" data-element_type=\"column\">\n\t\t\t<div class=\"elementor-widget-wrap elementor-element-populated\">\n\t\t\t\t\t\t\t\t<div class=\"elementor-element elementor-element-fbf1d63 elementor-widget elementor-widget-image\" data-id=\"fbf1d63\" data-element_type=\"widget\" data-widget_type=\"image.default\">\n\t\t\t\t<div class=\"elementor-widget-container\">\n\t\t\t\t\t\t\t\t\t\t\t\t\t\t\t<img decoding=\"async\" loading=\"lazy\" width=\"410\" height=\"530\" src=\"https:\/\/zaememache.ch\/wp-content\/uploads\/2022\/09\/20220907_102705-410x530.jpg\" class=\"attachment-winwood-groups size-winwood-groups wp-image-2958\" alt=\"\" \/>\t\t\t\t\t\t\t\t\t\t\t\t\t\t\t<\/div>\n\t\t\t\t<\/div>\n\t\t\t\t\t<\/div>\n\t\t<\/div>\n\t\t\t\t\t\t\t<\/div>\n\t\t<\/section>\n\t\t\t\t<div class=\"elementor-element elementor-element-3372b01 elementor-widget elementor-widget-google_maps\" data-id=\"3372b01\" data-element_type=\"widget\" data-widget_type=\"google_maps.default\">\n\t\t\t\t<div class=\"elementor-widget-container\">\n\t\t\t<style>\/*! elementor - v3.16.0 - 20-09-2023 *\/\n.elementor-widget-google_maps .elementor-widget-container{overflow:hidden}.elementor-widget-google_maps .elementor-custom-embed{line-height:0}.elementor-widget-google_maps iframe{height:300px}<\/style>\t\t<div class=\"elementor-custom-embed\">\n\t\t\t<iframe loading=\"lazy\"\n\t\t\t\t\tsrc=\"https:\/\/maps.google.com\/maps?q=ergeten%202730%2C%209100%20Herisau&#038;t=m&#038;z=14&#038;output=embed&#038;iwloc=near\"\n\t\t\t\t\ttitle=\"ergeten 2730, 9100 Herisau\"\n\t\t\t\t\taria-label=\"ergeten 2730, 9100 Herisau\"\n\t\t\t><\/iframe>\n\t\t<\/div>\n\t\t\t\t<\/div>\n\t\t\t\t<\/div>\n\t\t\t\t\t<\/div>\n\t\t<\/div>\n\t\t\t\t\t\t\t<\/div>\n\t\t<\/section>\n\t\t\t\t\t\t\t<\/div>","protected":false},"excerpt":{"rendered":"<p>s&#8217;Gheimnis vo d\u00e4 Salotsauce, 13. Oktober 2022 Jede Tag \u00e4 anderi Salotsauce macht sogar Salot spannend zon esse. Drum zeig i eu es paar Tricks wie \u00e4 Salotsauce cha vielf\u00e4lltig, ruckzuck ond ganz eifach gmacht werde. Im Pries inbegriffe isch au en chline Willkommensap\u00e9ro. Af\u00e4nger 2 Stond 8 s&#8217;Gheimnis vo d\u00e4 Salotsauce, 28. September 2022 [&hellip;]<\/p>","protected":false},"author":1,"featured_media":0,"parent":0,"menu_order":0,"comment_status":"closed","ping_status":"closed","template":"elementor_header_footer","meta":{"inline_featured_image":false,"footnotes":""},"yoast_head":"<!-- This site is optimized with the Yoast SEO plugin v19.13 - https:\/\/yoast.com\/wordpress\/plugins\/seo\/ -->\n<title>K\u00fcrs - Z\u00e4memache<\/title>\n<meta name=\"robots\" content=\"index, follow, max-snippet:-1, max-image-preview:large, max-video-preview:-1\" \/>\n<link rel=\"canonical\" href=\"https:\/\/zaememache.ch\/de_de\/kurse\/\" \/>\n<meta property=\"og:locale\" content=\"de_DE\" \/>\n<meta property=\"og:type\" content=\"article\" \/>\n<meta property=\"og:title\" content=\"K\u00fcrs - Z\u00e4memache\" \/>\n<meta property=\"og:description\" content=\"s&#8217;Gheimnis vo d\u00e4 Salotsauce, 13. Oktober 2022 Jede Tag \u00e4 anderi Salotsauce macht sogar Salot spannend zon esse. Drum zeig i eu es paar Tricks wie \u00e4 Salotsauce cha vielf\u00e4lltig, ruckzuck ond ganz eifach gmacht werde. Im Pries inbegriffe isch au en chline Willkommensap\u00e9ro. Af\u00e4nger 2 Stond 8 s&#8217;Gheimnis vo d\u00e4 Salotsauce, 28. September 2022 [&hellip;]\" \/>\n<meta property=\"og:url\" content=\"https:\/\/zaememache.ch\/de_de\/kurse\/\" \/>\n<meta property=\"og:site_name\" content=\"Z\u00e4memache\" \/>\n<meta property=\"article:modified_time\" content=\"2022-09-11T21:45:30+00:00\" \/>\n<meta property=\"og:image\" content=\"https:\/\/zaememache.ch\/wp-content\/uploads\/2022\/07\/Salat.jpg\" \/>\n<meta name=\"twitter:card\" content=\"summary_large_image\" \/>\n<meta name=\"twitter:label1\" content=\"Gesch\u00e4tzte Lesezeit\" \/>\n\t<meta name=\"twitter:data1\" content=\"1 Minute\" \/>\n<script type=\"application\/ld+json\" class=\"yoast-schema-graph\">{\"@context\":\"https:\/\/schema.org\",\"@graph\":[{\"@type\":\"WebPage\",\"@id\":\"https:\/\/zaememache.ch\/kurse\/\",\"url\":\"https:\/\/zaememache.ch\/kurse\/\",\"name\":\"K\u00fcrs - Z\u00e4memache\",\"isPartOf\":{\"@id\":\"https:\/\/zaememache.ch\/#website\"},\"datePublished\":\"2020-03-09T06:26:51+00:00\",\"dateModified\":\"2022-09-11T21:45:30+00:00\",\"breadcrumb\":{\"@id\":\"https:\/\/zaememache.ch\/kurse\/#breadcrumb\"},\"inLanguage\":\"de-DE\",\"potentialAction\":[{\"@type\":\"ReadAction\",\"target\":[\"https:\/\/zaememache.ch\/kurse\/\"]}]},{\"@type\":\"BreadcrumbList\",\"@id\":\"https:\/\/zaememache.ch\/kurse\/#breadcrumb\",\"itemListElement\":[{\"@type\":\"ListItem\",\"position\":1,\"name\":\"Startseite\",\"item\":\"https:\/\/zaememache.ch\/\"},{\"@type\":\"ListItem\",\"position\":2,\"name\":\"K\u00fcrs\"}]},{\"@type\":\"WebSite\",\"@id\":\"https:\/\/zaememache.ch\/#website\",\"url\":\"https:\/\/zaememache.ch\/\",\"name\":\"z\u00e4memache\",\"description\":\"\",\"publisher\":{\"@id\":\"https:\/\/zaememache.ch\/#organization\"},\"potentialAction\":[{\"@type\":\"SearchAction\",\"target\":{\"@type\":\"EntryPoint\",\"urlTemplate\":\"https:\/\/zaememache.ch\/?s={search_term_string}\"},\"query-input\":\"required name=search_term_string\"}],\"inLanguage\":\"de-DE\"},{\"@type\":\"Organization\",\"@id\":\"https:\/\/zaememache.ch\/#organization\",\"name\":\"z\u00e4memache\",\"url\":\"https:\/\/zaememache.ch\/\",\"logo\":{\"@type\":\"ImageObject\",\"inLanguage\":\"de-DE\",\"@id\":\"https:\/\/zaememache.ch\/#\/schema\/logo\/image\/\",\"url\":\"https:\/\/zaememache.ch\/wp-content\/uploads\/2020\/03\/cropped-icon.png\",\"contentUrl\":\"https:\/\/zaememache.ch\/wp-content\/uploads\/2020\/03\/cropped-icon.png\",\"width\":512,\"height\":512,\"caption\":\"z\u00e4memache\"},\"image\":{\"@id\":\"https:\/\/zaememache.ch\/#\/schema\/logo\/image\/\"}}]}<\/script>\n<!-- \/ Yoast SEO plugin. -->","yoast_head_json":{"title":"K\u00fcrs - Z\u00e4memache","robots":{"index":"index","follow":"follow","max-snippet":"max-snippet:-1","max-image-preview":"max-image-preview:large","max-video-preview":"max-video-preview:-1"},"canonical":"https:\/\/zaememache.ch\/de_de\/kurse\/","og_locale":"de_DE","og_type":"article","og_title":"K\u00fcrs - Z\u00e4memache","og_description":"s&#8217;Gheimnis vo d\u00e4 Salotsauce, 13. Oktober 2022 Jede Tag \u00e4 anderi Salotsauce macht sogar Salot spannend zon esse. Drum zeig i eu es paar Tricks wie \u00e4 Salotsauce cha vielf\u00e4lltig, ruckzuck ond ganz eifach gmacht werde. Im Pries inbegriffe isch au en chline Willkommensap\u00e9ro. Af\u00e4nger 2 Stond 8 s&#8217;Gheimnis vo d\u00e4 Salotsauce, 28. September 2022 [&hellip;]","og_url":"https:\/\/zaememache.ch\/de_de\/kurse\/","og_site_name":"Z\u00e4memache","article_modified_time":"2022-09-11T21:45:30+00:00","og_image":[{"url":"https:\/\/zaememache.ch\/wp-content\/uploads\/2022\/07\/Salat.jpg"}],"twitter_card":"summary_large_image","twitter_misc":{"Gesch\u00e4tzte Lesezeit":"1 Minute"},"schema":{"@context":"https:\/\/schema.org","@graph":[{"@type":"WebPage","@id":"https:\/\/zaememache.ch\/kurse\/","url":"https:\/\/zaememache.ch\/kurse\/","name":"K\u00fcrs - Z\u00e4memache","isPartOf":{"@id":"https:\/\/zaememache.ch\/#website"},"datePublished":"2020-03-09T06:26:51+00:00","dateModified":"2022-09-11T21:45:30+00:00","breadcrumb":{"@id":"https:\/\/zaememache.ch\/kurse\/#breadcrumb"},"inLanguage":"de-DE","potentialAction":[{"@type":"ReadAction","target":["https:\/\/zaememache.ch\/kurse\/"]}]},{"@type":"BreadcrumbList","@id":"https:\/\/zaememache.ch\/kurse\/#breadcrumb","itemListElement":[{"@type":"ListItem","position":1,"name":"Startseite","item":"https:\/\/zaememache.ch\/"},{"@type":"ListItem","position":2,"name":"K\u00fcrs"}]},{"@type":"WebSite","@id":"https:\/\/zaememache.ch\/#website","url":"https:\/\/zaememache.ch\/","name":"z\u00e4memache","description":"","publisher":{"@id":"https:\/\/zaememache.ch\/#organization"},"potentialAction":[{"@type":"SearchAction","target":{"@type":"EntryPoint","urlTemplate":"https:\/\/zaememache.ch\/?s={search_term_string}"},"query-input":"required name=search_term_string"}],"inLanguage":"de-DE"},{"@type":"Organization","@id":"https:\/\/zaememache.ch\/#organization","name":"z\u00e4memache","url":"https:\/\/zaememache.ch\/","logo":{"@type":"ImageObject","inLanguage":"de-DE","@id":"https:\/\/zaememache.ch\/#\/schema\/logo\/image\/","url":"https:\/\/zaememache.ch\/wp-content\/uploads\/2020\/03\/cropped-icon.png","contentUrl":"https:\/\/zaememache.ch\/wp-content\/uploads\/2020\/03\/cropped-icon.png","width":512,"height":512,"caption":"z\u00e4memache"},"image":{"@id":"https:\/\/zaememache.ch\/#\/schema\/logo\/image\/"}}]}},"_links":{"self":[{"href":"https:\/\/zaememache.ch\/de_de\/wp-json\/wp\/v2\/pages\/494"}],"collection":[{"href":"https:\/\/zaememache.ch\/de_de\/wp-json\/wp\/v2\/pages"}],"about":[{"href":"https:\/\/zaememache.ch\/de_de\/wp-json\/wp\/v2\/types\/page"}],"author":[{"embeddable":true,"href":"https:\/\/zaememache.ch\/de_de\/wp-json\/wp\/v2\/users\/1"}],"replies":[{"embeddable":true,"href":"https:\/\/zaememache.ch\/de_de\/wp-json\/wp\/v2\/comments?post=494"}],"version-history":[{"count":18,"href":"https:\/\/zaememache.ch\/de_de\/wp-json\/wp\/v2\/pages\/494\/revisions"}],"predecessor-version":[{"id":2963,"href":"https:\/\/zaememache.ch\/de_de\/wp-json\/wp\/v2\/pages\/494\/revisions\/2963"}],"wp:attachment":[{"href":"https:\/\/zaememache.ch\/de_de\/wp-json\/wp\/v2\/media?parent=494"}],"curies":[{"name":"wp","href":"https:\/\/api.w.org\/{rel}","templated":true}]}}